{"id":187,"date":"2019-02-19T17:08:10","date_gmt":"2019-02-19T16:08:10","guid":{"rendered":"https:\/\/iconecta.es\/blog\/?page_id=187"},"modified":"2019-02-20T13:19:13","modified_gmt":"2019-02-20T12:19:13","slug":"politica-de-cookies","status":"publish","type":"page","link":"https:\/\/iconecta.es\/blog\/politica-de-cookies\/","title":{"rendered":"Pol\u00edtica de cookies"},"content":{"rendered":"<p>[et_pb_section fb_built=\u00bb1&#8243; _builder_version=\u00bb3.19.15&#8243; custom_padding=\u00bb0px|0px|37.9063px|0px|false|false\u00bb][et_pb_row _builder_version=\u00bb3.19.15&#8243;][et_pb_column type=\u00bb4_4&#8243; _builder_version=\u00bb3.19.15&#8243;][et_pb_text _builder_version=\u00bb3.19.15&#8243;]<\/p>\n<p><span>Este sitio web podra\u0301 utilizar cookies (pequen\u0303os archivos de informacio\u0301n que el servidor envi\u0301a al ordenador de quien accede a la pa\u0301gina) con el mero objeto de llevar a cabo actuaciones necesarias para el adecuado funcionamiento de la web. Las cookies utilizadas no tienen en ningu\u0301n caso el propo\u0301sito de almacenar informacio\u0301n personal del usuario, de modo que se eliminara\u0301n tan pronto como se cierre la navegacio\u0301n por la web. Para mayor informacio\u0301n acceda a la pestan\u0303a de la poli\u0301tica de cookies que aparece en la parte inferior de la pantalla de inicio.<\/span><\/p>\n<p><span>\u00a0<\/span><\/p>\n<h3 class=\"western\"><span><b>Google Analitics<\/b><\/span><\/h3>\n<p><span>Esta pa\u0301gina web utiliza Google Analytics, un servicio anali\u0301tico de web prestado por Google, Inc., una compan\u0303i\u0301a de Delaware cuya oficina principal esta\u0301 en 1600 Amphitheatre Parkway, Mountain View (California), CA 94043, Estados Unidos (\u201cGoogle\u201d). Google Analytics utiliza \u201ccookies\u201d, que son archivos de texto ubicados en su ordenador, para ayudar al website a analizar el uso que hacen los usuarios del sitio web. La informacio\u0301n que genera la cookie acerca de su uso del website (incluyendo su direccio\u0301n IP) sera\u0301 directamente transmitida y archivada por Google en los servidores de Estados Unidos. Google usara\u0301 esta informacio\u0301n por cuenta nuestra con el propo\u0301sito de seguir la pista de su uso del website, recopilando informes de la actividad del website y prestando otros servicios relacionados con la actividad del website y el uso de Internet. Google podra\u0301 transmitir dicha informacio\u0301n a terceros cuando asi\u0301 se lo requiera la legislacio\u0301n, o cuando dichos terceros procesen la informacio\u0301n por cuenta de Google. Google no asociara\u0301 su direccio\u0301n IP con ningu\u0301n otro dato del que disponga Google. Puede Usted rechazar el tratamiento de los datos o la informacio\u0301n rechazando el uso de cookies mediante la seleccio\u0301n de la configuracio\u0301n apropiada de su navegador, sin embargo, debe Usted saber que si lo hace puede ser que no pueda usar la plena funcionabilidad de este website. Al utilizar este website Usted consiente el tratamiento de informacio\u0301n acerca de Usted por Google en la forma y para los fines arriba indicados<\/span><\/p>\n<p><span>\u00a0<\/span><\/p>\n<h3 class=\"western\"><span><b>Cookies propias usadas en este sitio web de Google<\/b><\/span><\/h3>\n<p><span>Cookie Tipo Necesaria Duraci\u00f3n Recoge Finalidad<\/span><\/p>\n<p><span>_APISID Cookies persistentes Si Persitente Comportamiento del usuario en la web Mejorar el dise\u00f1o<\/span><\/p>\n<p><span>_HSID Cookies persistentes Si Persitente Comportamiento del usuario en la web Mejorar el dise\u00f1o<\/span><\/p>\n<p><span>_NID Cookies persistentes Si Persitente Comportamiento del usuario en la web Mejorar el dise\u00f1o<\/span><\/p>\n<p><span>_SID Cookies persistentes Si Persitente Comportamiento del usuario en la web Mejorar el dise\u00f1o<\/span><\/p>\n<p><span>_SIDCC Cookies persistentes Si Persitente Comportamiento del usuario en la web Mejorar el dise\u00f1o<\/span><\/p>\n<p><span>__utma Cookies persistentes Si Persitente Comportamiento del usuario en la web Mejorar el dise\u00f1o<\/span><\/p>\n<p><span>__utmb Cookies persistentes Si Persitente Comportamiento del usuario en la web Mejorar el dise\u00f1o<\/span><\/p>\n<p><span>__utmc Cookies persistentes Si Persitente Comportamiento del usuario en la web Mejorar el dise\u00f1o<\/span><\/p>\n<p><span>__utmt Cookies persistentes Si Persitente Comportamiento del usuario en la web Mejorar el dise\u00f1o<\/span><\/p>\n<p><span>__utmz Cookies persistentes Si Persitente Comportamiento del usuario en la web Mejorar el dise\u00f1o<\/span><\/p>\n<p><span>_ga Cookies persistentes Si Persitente Comportamiento del usuario en la web Mejorar el dise\u00f1o<\/span><\/p>\n<p><span>_gat Cookies persistentes Si Persitente Comportamiento del usuario en la web Mejorar el dise\u00f1o<\/span><\/p>\n<p><span>_gid Cookies persistentes Si Persitente Comportamiento del usuario en la web Mejorar el dise\u00f1o<\/span><\/p>\n<p>&nbsp;<\/p>\n<p><span><b>Cookies propias usadas en este sitio web\u00a0<\/b><b>de iConecta<\/b><\/span><\/p>\n<p><span>El titular de este sitio web, la mercantil\u00a0Iconecta Software Developers, SL\u00a0, utiliza en este sitio los siguientes tipos de cookies propias:<\/span><\/p>\n<p><span>Cookie Tipo Necesaria Duraci\u00f3n Recoge Finalidad<\/span><\/p>\n<p><span>cookieLawSeen Cookies persistentes Si Persitente, hasta aceptaci\u00f3n Aceptacion ley de navegaci\u00f3n Aceptacion ley de navegaci\u00f3n<\/span><\/p>\n<p><span>\u00a0<\/span><\/p>\n<h3 class=\"western\"><span><b>Cookies de terceros usadas en este sitio web<\/b><\/span><\/h3>\n<p><span>Los terceros prestadores de servicios con los que hemos contratado algu\u0301n servicio para el que es necesario la utilizacio\u0301n de cookies son:<\/span><\/p>\n<p><span>Cookies ajenas que facilitan el uso de la navegaci\u00f3n, fuentes, y dise\u00f1o<\/span><\/p>\n<p><span>Puede usted permitir, bloquear o eliminar las cookies instaladas en su equipo mediante la configuracio\u0301n de las opciones del navegador instalado en su ordenador:<\/span><\/p>\n<p><span>Chrome. Acceda a la informacio\u0301n aqui\u0301: http:\/\/support.google.com\/chrome\/bin\/answer.py?hl=es&amp;answer=95647<\/span><\/p>\n<p><span>Explorer. Acceda a la informacio\u0301n aqui\u0301: http:\/\/windows.microsoft.com\/es-es\/windows7\/how- to-manage-cookies-in-internet-explorer-9<\/span><\/p>\n<p><span>Firefox. Acceda a la informacio\u0301n aqui\u0301: http:\/\/support.mozilla.org\/es\/kb\/habilitar-y- deshabilitar-cookies-que-los-sitios-we<\/span><\/p>\n<p><span>Safari. Acceda a la informacio\u0301n aqui\u0301: http:\/\/support.apple.com\/kb\/ph5042<\/span><\/p>\n<p><span>Si las cookies que desinstala son necesarias, debe tener en cuenta que no recibira\u0301 el servicio correctamente. Si las que desinstala no son necesarias, podra\u0301 seguir recibiendo el servicio pero las finalidades de la cookie no podra\u0301n cumplirse. Si necesita ma\u0301s informacio\u0301n sobre co\u0301mo desinstalar las cookies o cualquier otro tipo de informacio\u0301n relativo a esta poli\u0301tica, puede solicitarla en el siguiente correo electro\u0301nico info@iconecta.es<\/span><\/p>\n<p>[\/et_pb_text][\/et_pb_column][\/et_pb_row][\/et_pb_section]<\/p>\n","protected":false},"excerpt":{"rendered":"<p>[et_pb_section fb_built=\u00bb1&#8243; _builder_version=\u00bb3.19.15&#8243; custom_padding=\u00bb0px|0px|37.9063px|0px|false|false\u00bb][et_pb_row _builder_version=\u00bb3.19.15&#8243;][et_pb_column type=\u00bb4_4&#8243; _builder_version=\u00bb3.19.15&#8243;][et_pb_text _builder_version=\u00bb3.19.15&#8243;] Este sitio web podra\u0301 utilizar cookies (pequen\u0303os archivos de informacio\u0301n que el servidor envi\u0301a al ordenador de quien accede a la pa\u0301gina) con el mero objeto de llevar a cabo actuaciones necesarias para el adecuado funcionamiento de la web. Las cookies utilizadas no tienen en ningu\u0301n caso [&hellip;]<\/p>\n","protected":false},"author":1,"featured_media":0,"parent":0,"menu_order":0,"comment_status":"closed","ping_status":"closed","template":"","meta":{"_et_pb_use_builder":"on","_et_pb_old_content":"","_exactmetrics_skip_tracking":false,"_exactmetrics_sitenote_active":false,"_exactmetrics_sitenote_note":"","_exactmetrics_sitenote_category":0,"footnotes":""},"class_list":["post-187","page","type-page","status-publish","hentry"],"_links":{"self":[{"href":"https:\/\/iconecta.es\/blog\/wp-json\/wp\/v2\/pages\/187","targetHints":{"allow":["GET"]}}],"collection":[{"href":"https:\/\/iconecta.es\/blog\/wp-json\/wp\/v2\/pages"}],"about":[{"href":"https:\/\/iconecta.es\/blog\/wp-json\/wp\/v2\/types\/page"}],"author":[{"embeddable":true,"href":"https:\/\/iconecta.es\/blog\/wp-json\/wp\/v2\/users\/1"}],"replies":[{"embeddable":true,"href":"https:\/\/iconecta.es\/blog\/wp-json\/wp\/v2\/comments?post=187"}],"version-history":[{"count":6,"href":"https:\/\/iconecta.es\/blog\/wp-json\/wp\/v2\/pages\/187\/revisions"}],"predecessor-version":[{"id":216,"href":"https:\/\/iconecta.es\/blog\/wp-json\/wp\/v2\/pages\/187\/revisions\/216"}],"wp:attachment":[{"href":"https:\/\/iconecta.es\/blog\/wp-json\/wp\/v2\/media?parent=187"}],"curies":[{"name":"wp","href":"https:\/\/api.w.org\/{rel}","templated":true}]}}